{"id":576,"date":"2024-06-14T14:19:02","date_gmt":"2024-06-14T17:19:02","guid":{"rendered":"https:\/\/clipcom.com.br\/blog\/?page_id=576"},"modified":"2024-06-14T14:20:23","modified_gmt":"2024-06-14T17:20:23","slug":"destaques","status":"publish","type":"page","link":"https:\/\/clipcom.com.br\/blog\/destaques\/","title":{"rendered":"destaques"},"content":{"rendered":"\n<div class=\"pt-cv-wrapper\"><div class=\"pt-cv-view pt-cv-grid pt-cv-colsys pt-cv-nolf\" id=\"pt-cv-view-452dcc7a28\"><div data-id=\"pt-cv-page-1\" class=\"pt-cv-page\" data-cvc=\"3\"><div class=\"col-md-4 col-sm-6 col-xs-12 pt-cv-content-item pt-cv-1-col\" ><div class='pt-cv-ifield'><a href=\"https:\/\/clipcom.com.br\/blog\/washington-olivetto-vive-em-mim-eu-nem-sabia\/\" class=\"_blank pt-cv-href-thumbnail pt-cv-thumb-default\" target=\"_blank\" ><img loading=\"lazy\" decoding=\"async\" width=\"300\" height=\"150\" src=\"https:\/\/clipcom.com.br\/blog\/wp-content\/uploads\/2024\/10\/Washington-Olivetto-300x150.jpg\" class=\"pt-cv-thumbnail\" alt=\"\" title=\"\"><\/a>\n<h4 class=\"pt-cv-title\"><a href=\"https:\/\/clipcom.com.br\/blog\/washington-olivetto-vive-em-mim-eu-nem-sabia\/\" class=\"_blank\" target=\"_blank\" >Washington Olivetto vive em mim (e eu nem sabia!)<\/a><\/h4>\n<div class=\"pt-cv-content\">O que a obra de um dos maiores publicit\u00e1rios brasileiros nos ensina sobre comunica\u00e7\u00e3o Quando eu soube da morte de ...<br \/><div class=\"pt-cv-rmwrap\"><a href=\"https:\/\/clipcom.com.br\/blog\/washington-olivetto-vive-em-mim-eu-nem-sabia\/\" class=\"_blank pt-cv-readmore btn btn-success\" target=\"_blank\">Leia Mais<\/a><\/div><\/div><\/div><\/div>\n<div class=\"col-md-4 col-sm-6 col-xs-12 pt-cv-content-item pt-cv-1-col\" ><div class='pt-cv-ifield'><a href=\"https:\/\/clipcom.com.br\/blog\/os-dois-tipos-de-consumidores-e-o-atendimento\/\" class=\"_blank pt-cv-href-thumbnail pt-cv-thumb-default\" target=\"_blank\" ><img loading=\"lazy\" decoding=\"async\" width=\"300\" height=\"150\" src=\"https:\/\/clipcom.com.br\/blog\/wp-content\/uploads\/2024\/09\/entendendo-a-dor-do-cliente1-300x150.jpg\" class=\"pt-cv-thumbnail\" alt=\"\" title=\"\"><\/a>\n<h4 class=\"pt-cv-title\"><a href=\"https:\/\/clipcom.com.br\/blog\/os-dois-tipos-de-consumidores-e-o-atendimento\/\" class=\"_blank\" target=\"_blank\" >Os dois tipos de consumidores: como o atendimento impacta suas finan\u00e7as e imagem.<\/a><\/h4>\n<div class=\"pt-cv-content\">No universo do marketing, compreender o comportamento dos consumidores \u00e9 essencial para criar estrat\u00e9gias eficazes. Como destaca Philip Kotler, \"a ...<br \/><div class=\"pt-cv-rmwrap\"><a href=\"https:\/\/clipcom.com.br\/blog\/os-dois-tipos-de-consumidores-e-o-atendimento\/\" class=\"_blank pt-cv-readmore btn btn-success\" target=\"_blank\">Leia Mais<\/a><\/div><\/div><\/div><\/div>\n<div class=\"col-md-4 col-sm-6 col-xs-12 pt-cv-content-item pt-cv-1-col\" ><div class='pt-cv-ifield'><a href=\"https:\/\/clipcom.com.br\/blog\/loja-fisica-vai-acabar-como-gerar-atratividade-para-o-pdv-com-cx\/\" class=\"_blank pt-cv-href-thumbnail pt-cv-thumb-default\" target=\"_blank\" ><img loading=\"lazy\" decoding=\"async\" width=\"300\" height=\"150\" src=\"https:\/\/clipcom.com.br\/blog\/wp-content\/uploads\/2024\/09\/estrela_beauty_0071-300x150.jpg\" class=\"pt-cv-thumbnail\" alt=\"\" title=\"\"><\/a>\n<h4 class=\"pt-cv-title\"><a href=\"https:\/\/clipcom.com.br\/blog\/loja-fisica-vai-acabar-como-gerar-atratividade-para-o-pdv-com-cx\/\" class=\"_blank\" target=\"_blank\" >A loja f\u00edsica vai acabar? Como gerar atratividade para o PDV com CX<\/a><\/h4>\n<div class=\"pt-cv-content\">A experi\u00eancia do cliente tem se tornado um ponto-chave para o sucesso de empresas, principalmente no varejo. Em um mundo ...<br \/><div class=\"pt-cv-rmwrap\"><a href=\"https:\/\/clipcom.com.br\/blog\/loja-fisica-vai-acabar-como-gerar-atratividade-para-o-pdv-com-cx\/\" class=\"_blank pt-cv-readmore btn btn-success\" target=\"_blank\">Leia Mais<\/a><\/div><\/div><\/div><\/div><\/div><\/div><\/div>\n","protected":false},"excerpt":{"rendered":"","protected":false},"author":1,"featured_media":0,"parent":0,"menu_order":0,"comment_status":"closed","ping_status":"closed","template":"template-fullwidth.php","meta":{"footnotes":""},"class_list":["post-576","page","type-page","status-publish","hentry"],"_links":{"self":[{"href":"https:\/\/clipcom.com.br\/blog\/wp-json\/wp\/v2\/pages\/576","targetHints":{"allow":["GET"]}}],"collection":[{"href":"https:\/\/clipcom.com.br\/blog\/wp-json\/wp\/v2\/pages"}],"about":[{"href":"https:\/\/clipcom.com.br\/blog\/wp-json\/wp\/v2\/types\/page"}],"author":[{"embeddable":true,"href":"https:\/\/clipcom.com.br\/blog\/wp-json\/wp\/v2\/users\/1"}],"replies":[{"embeddable":true,"href":"https:\/\/clipcom.com.br\/blog\/wp-json\/wp\/v2\/comments?post=576"}],"version-history":[{"count":1,"href":"https:\/\/clipcom.com.br\/blog\/wp-json\/wp\/v2\/pages\/576\/revisions"}],"predecessor-version":[{"id":577,"href":"https:\/\/clipcom.com.br\/blog\/wp-json\/wp\/v2\/pages\/576\/revisions\/577"}],"wp:attachment":[{"href":"https:\/\/clipcom.com.br\/blog\/wp-json\/wp\/v2\/media?parent=576"}],"curies":[{"name":"wp","href":"https:\/\/api.w.org\/{rel}","templated":true}]}}